{"id":983,"date":"2020-05-11T17:52:41","date_gmt":"2020-05-11T15:52:41","guid":{"rendered":"http:\/\/test.sunalle.it\/ricette\/"},"modified":"2021-10-13T13:15:47","modified_gmt":"2021-10-13T11:15:47","slug":"ricette-2","status":"publish","type":"page","link":"https:\/\/test.sunalle.it\/fr\/ricette-2\/","title":{"rendered":"Les Ricettes"},"content":{"rendered":"<p>[vc_row css_animation=\u00a0\u00bb\u00a0\u00bb row_type=\u00a0\u00bbrow\u00a0\u00bb use_row_as_full_screen_section=\u00a0\u00bbno\u00a0\u00bb type=\u00a0\u00bbfull_width\u00a0\u00bb angled_section=\u00a0\u00bbno\u00a0\u00bb text_align=\u00a0\u00bbleft\u00a0\u00bb background_image_as_pattern=\u00a0\u00bbwithout_pattern\u00a0\u00bb][vc_column][vc_empty_space][vc_column_text]<\/p>\n<h3 style=\"text-align: center;\">D\u00c9COUVREZ LES RECETTES \u00c0 BASE DE PAIN CARASAU.<br \/>\nUN INGR\u00c9DIENT UNIQUE ET POLYVALENT POUR CHAQUE PLAT, SUCR\u00c9 OU SAL\u00c9.<\/h3>\n<p>[\/vc_column_text][vc_empty_space height=\u00a0\u00bb64px\u00a0\u00bb][\/vc_column][\/vc_row]<\/p>\n","protected":false},"excerpt":{"rendered":"<p>[vc_row css_animation=\u00a0\u00bb\u00a0\u00bb row_type=\u00a0\u00bbrow\u00a0\u00bb use_row_as_full_screen_section=\u00a0\u00bbno\u00a0\u00bb type=\u00a0\u00bbfull_width\u00a0\u00bb angled_section=\u00a0\u00bbno\u00a0\u00bb text_align=\u00a0\u00bbleft\u00a0\u00bb background_image_as_pattern=\u00a0\u00bbwithout_pattern\u00a0\u00bb][vc_column][vc_empty_space][vc_column_text] D\u00c9COUVREZ LES RECETTES \u00c0 BASE DE PAIN CARASAU. UN INGR\u00c9DIENT UNIQUE ET POLYVALENT POUR CHAQUE PLAT, SUCR\u00c9 OU SAL\u00c9. [\/vc_column_text][vc_empty_space height=\u00a0\u00bb64px\u00a0\u00bb][\/vc_column][\/vc_row]<\/p>\n","protected":false},"author":1,"featured_media":0,"parent":0,"menu_order":0,"comment_status":"closed","ping_status":"closed","template":"blog-masonry.php","meta":{"footnotes":""},"class_list":["post-983","page","type-page","status-publish","hentry"],"_links":{"self":[{"href":"https:\/\/test.sunalle.it\/fr\/wp-json\/wp\/v2\/pages\/983","targetHints":{"allow":["GET"]}}],"collection":[{"href":"https:\/\/test.sunalle.it\/fr\/wp-json\/wp\/v2\/pages"}],"about":[{"href":"https:\/\/test.sunalle.it\/fr\/wp-json\/wp\/v2\/types\/page"}],"author":[{"embeddable":true,"href":"https:\/\/test.sunalle.it\/fr\/wp-json\/wp\/v2\/users\/1"}],"replies":[{"embeddable":true,"href":"https:\/\/test.sunalle.it\/fr\/wp-json\/wp\/v2\/comments?post=983"}],"version-history":[{"count":1,"href":"https:\/\/test.sunalle.it\/fr\/wp-json\/wp\/v2\/pages\/983\/revisions"}],"predecessor-version":[{"id":16489,"href":"https:\/\/test.sunalle.it\/fr\/wp-json\/wp\/v2\/pages\/983\/revisions\/16489"}],"wp:attachment":[{"href":"https:\/\/test.sunalle.it\/fr\/wp-json\/wp\/v2\/media?parent=983"}],"curies":[{"name":"wp","href":"https:\/\/api.w.org\/{rel}","templated":true}]}}